{"id":7821,"date":"2025-01-05T00:11:48","date_gmt":"2025-01-04T23:11:48","guid":{"rendered":"https:\/\/www.catalunyadrag.cat\/?page_id=7821"},"modified":"2025-12-14T08:51:23","modified_gmt":"2025-12-14T07:51:23","slug":"jurat-professional","status":"publish","type":"page","link":"https:\/\/www.catalunyadrag.cat\/index.php\/jurat-professional\/","title":{"rendered":"Jurat Professional"},"content":{"rendered":"\t\t<div data-elementor-type=\"wp-page\" data-elementor-id=\"7821\" class=\"elementor elementor-7821\" data-elementor-post-type=\"page\">\n\t\t\t\t<div data-particle_enable=\"false\" data-particle-mobile-disabled=\"false\" class=\"elementor-element elementor-element-b381140 e-flex e-con-boxed e-con e-parent\" data-id=\"b381140\" data-element_type=\"container\" data-e-type=\"container\">\n\t\t\t\t\t<div class=\"e-con-inner\">\n\t\t\t\t<div class=\"elementor-element elementor-element-1918b3f elementor-widget elementor-widget-text-editor\" data-id=\"1918b3f\" data-element_type=\"widget\" data-e-type=\"widget\" data-widget_type=\"text-editor.default\">\n\t\t\t\t<div class=\"elementor-widget-container\">\n\t\t\t\t\t\t\t\t\t<p>Amb l&#8217;objectiu de donar transpar\u00e8ncia a les votacions del certamen us presentem al jurat professional que puntuar\u00e0 enguany les actuacions de les nostres artistes. Passa el mouse sobre cada jurat per veure la seva traject\u00f2ria!<\/p>\t\t\t\t\t\t\t\t<\/div>\n\t\t\t\t<\/div>\n\t\t\t\t\t<\/div>\n\t\t\t\t<\/div>\n\t\t<div data-particle_enable=\"false\" data-particle-mobile-disabled=\"false\" class=\"elementor-element elementor-element-8121bba e-grid e-con-boxed e-con e-parent\" data-id=\"8121bba\" data-element_type=\"container\" data-e-type=\"container\">\n\t\t\t\t\t<div class=\"e-con-inner\">\n\t\t\t\t<div class=\"elementor-element elementor-element-2ff09b08 uael-shape-circle uael-member-image-pos-above uael-team-member-align-center elementor-widget elementor-widget-uael-team-member\" data-id=\"2ff09b08\" data-element_type=\"widget\" data-e-type=\"widget\" data-widget_type=\"uael-team-member.default\">\n\t\t\t\t<div class=\"elementor-widget-container\">\n\t\t\t\t\t\t\t<div class=\"uael-team-member\">\n\t\t\t<div class = \"uael-team-member-wrap\" >\n\t\t\t\t<div class=\"uael-member-wrap\" >\n\t\t\t\t\t\t\t\t\t\t\t\t<div class=\"uael-team-member-image\">\n\t\t\t\t\t\t\t<div class=elementor-animation-><img fetchpriority=\"high\" decoding=\"async\" width=\"300\" height=\"300\" src=\"https:\/\/www.catalunyadrag.cat\/wp-content\/uploads\/2025\/02\/perfiljury-5.png\" class=\"attachment-large size-large wp-image-8240\" alt=\"\" srcset=\"https:\/\/www.catalunyadrag.cat\/wp-content\/uploads\/2025\/02\/perfiljury-5.png 300w, https:\/\/www.catalunyadrag.cat\/wp-content\/uploads\/2025\/02\/perfiljury-5-150x150.png 150w\" sizes=\"(max-width: 300px) 100vw, 300px\" \/><\/div>\t\t\t\t\t\t\t<\/div>\n\t\t\t\t\t\t\t\t\t\t\t\t\t\t\t<div class=\"uael-team-member-content\">\n\t\t\t\t\t\t\t\t\t\t\t<div class=\"uael-team-member-name\">\n\t\t\t\t\t\t<h4 class=\"uael-team-name\">Marta Sanmart\u00edn<\/h4>\t\t\t\t\t\t<\/div>\n\t\t\t\t\t\t\t\t\t\t\t\t\t\t\t\t\t\t\t\t\t\t\t\t\t\t\t<div class=\"uael-team-member-designation\">\n\t\t\t\t\t\t\t<div class=\"uael-team-desig\">Dj i Productora\t\t\t\t\t\t\t<\/div>\n\t\t\t\t\t\t<\/div>\n\t\t\t\t\t\t\t\t\t\t\t\t\t\t\t\t\t\t\t\t\t\t\t\t\t\t\t\t\t<\/div>\n\t\t\t<\/div>\n\t\t<\/div>\n\t<\/div>\n\t\t\t\t\t\t<\/div>\n\t\t\t\t<\/div>\n\t\t\t\t<div class=\"elementor-element elementor-element-289dc1da uael-shape-circle uael-member-image-pos-above uael-team-member-align-center elementor-widget elementor-widget-uael-team-member\" data-id=\"289dc1da\" data-element_type=\"widget\" data-e-type=\"widget\" data-widget_type=\"uael-team-member.default\">\n\t\t\t\t<div class=\"elementor-widget-container\">\n\t\t\t\t\t\t\t<div class=\"uael-team-member\">\n\t\t\t<div class = \"uael-team-member-wrap\" >\n\t\t\t\t<div class=\"uael-member-wrap\" >\n\t\t\t\t\t\t\t\t\t\t\t\t<div class=\"uael-team-member-image\">\n\t\t\t\t\t\t\t<div class=elementor-animation-><img decoding=\"async\" width=\"300\" height=\"300\" src=\"https:\/\/www.catalunyadrag.cat\/wp-content\/uploads\/2025\/02\/perfiljury-6.png\" class=\"attachment-large size-large wp-image-8241\" alt=\"\" srcset=\"https:\/\/www.catalunyadrag.cat\/wp-content\/uploads\/2025\/02\/perfiljury-6.png 300w, https:\/\/www.catalunyadrag.cat\/wp-content\/uploads\/2025\/02\/perfiljury-6-150x150.png 150w\" sizes=\"(max-width: 300px) 100vw, 300px\" \/><\/div>\t\t\t\t\t\t\t<\/div>\n\t\t\t\t\t\t\t\t\t\t\t\t\t\t\t<div class=\"uael-team-member-content\">\n\t\t\t\t\t\t\t\t\t\t\t<div class=\"uael-team-member-name\">\n\t\t\t\t\t\t<h4 class=\"uael-team-name\">Puy Ruiz de Alda<\/h4>\t\t\t\t\t\t<\/div>\n\t\t\t\t\t\t\t\t\t\t\t\t\t\t\t\t\t\t\t\t\t\t\t\t\t\t\t<div class=\"uael-team-member-designation\">\n\t\t\t\t\t\t\t<div class=\"uael-team-desig\">Dj i Productora\t\t\t\t\t\t\t<\/div>\n\t\t\t\t\t\t<\/div>\n\t\t\t\t\t\t\t\t\t\t\t\t\t\t\t\t\t\t\t\t\t\t\t\t\t\t\t\t\t<\/div>\n\t\t\t<\/div>\n\t\t<\/div>\n\t<\/div>\n\t\t\t\t\t\t<\/div>\n\t\t\t\t<\/div>\n\t\t\t\t<div class=\"elementor-element elementor-element-5164b411 uael-shape-circle uael-member-image-pos-above uael-team-member-align-center elementor-widget elementor-widget-uael-team-member\" data-id=\"5164b411\" data-element_type=\"widget\" data-e-type=\"widget\" data-widget_type=\"uael-team-member.default\">\n\t\t\t\t<div class=\"elementor-widget-container\">\n\t\t\t\t\t\t\t<div class=\"uael-team-member\">\n\t\t\t<div class = \"uael-team-member-wrap\" >\n\t\t\t\t<div class=\"uael-member-wrap\" >\n\t\t\t\t\t\t\t\t\t\t\t\t<div class=\"uael-team-member-image\">\n\t\t\t\t\t\t\t<div class=elementor-animation-><img decoding=\"async\" width=\"300\" height=\"300\" src=\"https:\/\/www.catalunyadrag.cat\/wp-content\/uploads\/2025\/02\/perfiljury-7.png\" class=\"attachment-large size-large wp-image-8242\" alt=\"\" srcset=\"https:\/\/www.catalunyadrag.cat\/wp-content\/uploads\/2025\/02\/perfiljury-7.png 300w, https:\/\/www.catalunyadrag.cat\/wp-content\/uploads\/2025\/02\/perfiljury-7-150x150.png 150w\" sizes=\"(max-width: 300px) 100vw, 300px\" \/><\/div>\t\t\t\t\t\t\t<\/div>\n\t\t\t\t\t\t\t\t\t\t\t\t\t\t\t<div class=\"uael-team-member-content\">\n\t\t\t\t\t\t\t\t\t\t\t<div class=\"uael-team-member-name\">\n\t\t\t\t\t\t<h4 class=\"uael-team-name\">Noelia Vilches<\/h4>\t\t\t\t\t\t<\/div>\n\t\t\t\t\t\t\t\t\t\t\t\t\t\t\t\t\t\t\t\t\t\t\t\t\t\t\t<div class=\"uael-team-member-designation\">\n\t\t\t\t\t\t\t<div class=\"uael-team-desig\">Estilista\t\t\t\t\t\t\t<\/div>\n\t\t\t\t\t\t<\/div>\n\t\t\t\t\t\t\t\t\t\t\t\t\t\t\t\t\t\t\t\t\t\t\t\t\t\t\t\t\t<\/div>\n\t\t\t<\/div>\n\t\t<\/div>\n\t<\/div>\n\t\t\t\t\t\t<\/div>\n\t\t\t\t<\/div>\n\t\t\t\t<div class=\"elementor-element elementor-element-9587a76 uael-shape-circle uael-member-image-pos-above uael-team-member-align-center elementor-widget elementor-widget-uael-team-member\" data-id=\"9587a76\" data-element_type=\"widget\" data-e-type=\"widget\" data-widget_type=\"uael-team-member.default\">\n\t\t\t\t<div class=\"elementor-widget-container\">\n\t\t\t\t\t\t\t<div class=\"uael-team-member\">\n\t\t\t<div class = \"uael-team-member-wrap\" >\n\t\t\t\t<div class=\"uael-member-wrap\" >\n\t\t\t\t\t\t\t\t\t\t\t\t<div class=\"uael-team-member-image\">\n\t\t\t\t\t\t\t<div class=elementor-animation-><img loading=\"lazy\" decoding=\"async\" width=\"300\" height=\"300\" src=\"https:\/\/www.catalunyadrag.cat\/wp-content\/uploads\/2025\/02\/perfiljury-8.png\" class=\"attachment-large size-large wp-image-8243\" alt=\"\" srcset=\"https:\/\/www.catalunyadrag.cat\/wp-content\/uploads\/2025\/02\/perfiljury-8.png 300w, https:\/\/www.catalunyadrag.cat\/wp-content\/uploads\/2025\/02\/perfiljury-8-150x150.png 150w\" sizes=\"(max-width: 300px) 100vw, 300px\" \/><\/div>\t\t\t\t\t\t\t<\/div>\n\t\t\t\t\t\t\t\t\t\t\t\t\t\t\t<div class=\"uael-team-member-content\">\n\t\t\t\t\t\t\t\t\t\t\t<div class=\"uael-team-member-name\">\n\t\t\t\t\t\t<h4 class=\"uael-team-name\">Juan Ramon Garc\u00eda<\/h4>\t\t\t\t\t\t<\/div>\n\t\t\t\t\t\t\t\t\t\t\t\t\t\t\t\t\t\t\t\t\t\t\t\t\t\t\t<div class=\"uael-team-member-designation\">\n\t\t\t\t\t\t\t<div class=\"uael-team-desig\">Produccions de Catalunya\t\t\t\t\t\t\t<\/div>\n\t\t\t\t\t\t<\/div>\n\t\t\t\t\t\t\t\t\t\t\t\t\t\t\t\t\t\t\t\t\t\t\t\t\t\t\t\t\t<\/div>\n\t\t\t<\/div>\n\t\t<\/div>\n\t<\/div>\n\t\t\t\t\t\t<\/div>\n\t\t\t\t<\/div>\n\t\t\t\t<div class=\"elementor-element elementor-element-1a150569 uael-shape-circle uael-member-image-pos-above uael-team-member-align-center elementor-widget elementor-widget-uael-team-member\" data-id=\"1a150569\" data-element_type=\"widget\" data-e-type=\"widget\" data-widget_type=\"uael-team-member.default\">\n\t\t\t\t<div class=\"elementor-widget-container\">\n\t\t\t\t\t\t\t<div class=\"uael-team-member\">\n\t\t\t<div class = \"uael-team-member-wrap\" >\n\t\t\t\t<div class=\"uael-member-wrap\" >\n\t\t\t\t\t\t\t\t\t\t\t\t<div class=\"uael-team-member-image\">\n\t\t\t\t\t\t\t<div class=elementor-animation-><img loading=\"lazy\" decoding=\"async\" width=\"300\" height=\"300\" src=\"https:\/\/www.catalunyadrag.cat\/wp-content\/uploads\/2025\/02\/perfiljury-9.png\" class=\"attachment-large size-large wp-image-8244\" alt=\"\" srcset=\"https:\/\/www.catalunyadrag.cat\/wp-content\/uploads\/2025\/02\/perfiljury-9.png 300w, https:\/\/www.catalunyadrag.cat\/wp-content\/uploads\/2025\/02\/perfiljury-9-150x150.png 150w\" sizes=\"(max-width: 300px) 100vw, 300px\" \/><\/div>\t\t\t\t\t\t\t<\/div>\n\t\t\t\t\t\t\t\t\t\t\t\t\t\t\t<div class=\"uael-team-member-content\">\n\t\t\t\t\t\t\t\t\t\t\t<div class=\"uael-team-member-name\">\n\t\t\t\t\t\t<h4 class=\"uael-team-name\">Joan Guijarro<\/h4>\t\t\t\t\t\t<\/div>\n\t\t\t\t\t\t\t\t\t\t\t\t\t\t\t\t\t\t\t\t\t\t\t\t\t\t\t<div class=\"uael-team-member-designation\">\n\t\t\t\t\t\t\t<div class=\"uael-team-desig\">Actor, director i productor teatral\t\t\t\t\t\t\t<\/div>\n\t\t\t\t\t\t<\/div>\n\t\t\t\t\t\t\t\t\t\t\t\t\t\t\t\t\t\t\t\t\t\t\t\t\t\t\t\t\t<\/div>\n\t\t\t<\/div>\n\t\t<\/div>\n\t<\/div>\n\t\t\t\t\t\t<\/div>\n\t\t\t\t<\/div>\n\t\t\t\t<div class=\"elementor-element elementor-element-6958437f uael-shape-circle uael-member-image-pos-above uael-team-member-align-center elementor-widget elementor-widget-uael-team-member\" data-id=\"6958437f\" data-element_type=\"widget\" data-e-type=\"widget\" data-widget_type=\"uael-team-member.default\">\n\t\t\t\t<div class=\"elementor-widget-container\">\n\t\t\t\t\t\t\t<div class=\"uael-team-member\">\n\t\t\t<div class = \"uael-team-member-wrap\" >\n\t\t\t\t<div class=\"uael-member-wrap\" >\n\t\t\t\t\t\t\t\t\t\t\t\t<div class=\"uael-team-member-image\">\n\t\t\t\t\t\t\t<div class=elementor-animation-><img loading=\"lazy\" decoding=\"async\" width=\"300\" height=\"300\" src=\"https:\/\/www.catalunyadrag.cat\/wp-content\/uploads\/2025\/02\/perfiljury-10.png\" class=\"attachment-large size-large wp-image-8245\" alt=\"\" srcset=\"https:\/\/www.catalunyadrag.cat\/wp-content\/uploads\/2025\/02\/perfiljury-10.png 300w, https:\/\/www.catalunyadrag.cat\/wp-content\/uploads\/2025\/02\/perfiljury-10-150x150.png 150w\" sizes=\"(max-width: 300px) 100vw, 300px\" \/><\/div>\t\t\t\t\t\t\t<\/div>\n\t\t\t\t\t\t\t\t\t\t\t\t\t\t\t<div class=\"uael-team-member-content\">\n\t\t\t\t\t\t\t\t\t\t\t<div class=\"uael-team-member-name\">\n\t\t\t\t\t\t<h4 class=\"uael-team-name\">Andrej Mikulasek<\/h4>\t\t\t\t\t\t<\/div>\n\t\t\t\t\t\t\t\t\t\t\t\t\t\t\t\t\t\t\t\t\t\t\t\t\t\t\t<div class=\"uael-team-member-designation\">\n\t\t\t\t\t\t\t<div class=\"uael-team-desig\">Sastre i Dissenyador de moda\t\t\t\t\t\t\t<\/div>\n\t\t\t\t\t\t<\/div>\n\t\t\t\t\t\t\t\t\t\t\t\t\t\t\t\t\t\t\t\t\t\t\t\t\t\t\t\t\t<\/div>\n\t\t\t<\/div>\n\t\t<\/div>\n\t<\/div>\n\t\t\t\t\t\t<\/div>\n\t\t\t\t<\/div>\n\t\t\t\t<div class=\"elementor-element elementor-element-5aeb4a24 uael-shape-circle uael-member-image-pos-above uael-team-member-align-center elementor-widget elementor-widget-uael-team-member\" data-id=\"5aeb4a24\" data-element_type=\"widget\" data-e-type=\"widget\" data-widget_type=\"uael-team-member.default\">\n\t\t\t\t<div class=\"elementor-widget-container\">\n\t\t\t\t\t\t\t<div class=\"uael-team-member\">\n\t\t\t<div class = \"uael-team-member-wrap\" >\n\t\t\t\t<div class=\"uael-member-wrap\" >\n\t\t\t\t\t\t\t\t\t\t\t\t<div class=\"uael-team-member-image\">\n\t\t\t\t\t\t\t<div class=elementor-animation-><img loading=\"lazy\" decoding=\"async\" width=\"300\" height=\"300\" src=\"https:\/\/www.catalunyadrag.cat\/wp-content\/uploads\/2025\/02\/perfiljury-1.png\" class=\"attachment-large size-large wp-image-8236\" alt=\"\" srcset=\"https:\/\/www.catalunyadrag.cat\/wp-content\/uploads\/2025\/02\/perfiljury-1.png 300w, https:\/\/www.catalunyadrag.cat\/wp-content\/uploads\/2025\/02\/perfiljury-1-150x150.png 150w\" sizes=\"(max-width: 300px) 100vw, 300px\" \/><\/div>\t\t\t\t\t\t\t<\/div>\n\t\t\t\t\t\t\t\t\t\t\t\t\t\t\t<div class=\"uael-team-member-content\">\n\t\t\t\t\t\t\t\t\t\t\t<div class=\"uael-team-member-name\">\n\t\t\t\t\t\t<h4 class=\"uael-team-name\">Salvador Riera<\/h4>\t\t\t\t\t\t<\/div>\n\t\t\t\t\t\t\t\t\t\t\t\t\t\t\t\t\t\t\t\t\t\t\t\t\t\t\t<div class=\"uael-team-member-designation\">\n\t\t\t\t\t\t\t<div class=\"uael-team-desig\">Amics de la Part Alta\t\t\t\t\t\t\t<\/div>\n\t\t\t\t\t\t<\/div>\n\t\t\t\t\t\t\t\t\t\t\t\t\t\t\t\t\t\t\t\t\t\t\t\t\t\t\t\t\t<\/div>\n\t\t\t<\/div>\n\t\t<\/div>\n\t<\/div>\n\t\t\t\t\t\t<\/div>\n\t\t\t\t<\/div>\n\t\t\t\t<div class=\"elementor-element elementor-element-c80fc52 uael-shape-circle uael-member-image-pos-above uael-team-member-align-center elementor-widget elementor-widget-uael-team-member\" data-id=\"c80fc52\" data-element_type=\"widget\" data-e-type=\"widget\" data-widget_type=\"uael-team-member.default\">\n\t\t\t\t<div class=\"elementor-widget-container\">\n\t\t\t\t\t\t\t<div class=\"uael-team-member\">\n\t\t\t<div class = \"uael-team-member-wrap\" >\n\t\t\t\t<div class=\"uael-member-wrap\" >\n\t\t\t\t\t\t\t\t\t\t\t\t<div class=\"uael-team-member-image\">\n\t\t\t\t\t\t\t<div class=elementor-animation-><img loading=\"lazy\" decoding=\"async\" width=\"300\" height=\"300\" src=\"https:\/\/www.catalunyadrag.cat\/wp-content\/uploads\/2025\/02\/perfiljury-2.png\" class=\"attachment-large size-large wp-image-8237\" alt=\"\" srcset=\"https:\/\/www.catalunyadrag.cat\/wp-content\/uploads\/2025\/02\/perfiljury-2.png 300w, https:\/\/www.catalunyadrag.cat\/wp-content\/uploads\/2025\/02\/perfiljury-2-150x150.png 150w\" sizes=\"(max-width: 300px) 100vw, 300px\" \/><\/div>\t\t\t\t\t\t\t<\/div>\n\t\t\t\t\t\t\t\t\t\t\t\t\t\t\t<div class=\"uael-team-member-content\">\n\t\t\t\t\t\t\t\t\t\t\t<div class=\"uael-team-member-name\">\n\t\t\t\t\t\t<h4 class=\"uael-team-name\">Richard Bonnot-Saltet<\/h4>\t\t\t\t\t\t<\/div>\n\t\t\t\t\t\t\t\t\t\t\t\t\t\t\t\t\t\t\t\t\t\t\t\t\t\t\t<div class=\"uael-team-member-designation\">\n\t\t\t\t\t\t\t<div class=\"uael-team-desig\">Core\u00f2graf i Ballar\u00ed\t\t\t\t\t\t\t<\/div>\n\t\t\t\t\t\t<\/div>\n\t\t\t\t\t\t\t\t\t\t\t\t\t\t\t\t\t\t\t\t\t\t\t\t\t\t\t\t\t<\/div>\n\t\t\t<\/div>\n\t\t<\/div>\n\t<\/div>\n\t\t\t\t\t\t<\/div>\n\t\t\t\t<\/div>\n\t\t\t\t<div class=\"elementor-element elementor-element-60761b59 uael-shape-circle uael-member-image-pos-above uael-team-member-align-center elementor-widget elementor-widget-uael-team-member\" data-id=\"60761b59\" data-element_type=\"widget\" data-e-type=\"widget\" data-widget_type=\"uael-team-member.default\">\n\t\t\t\t<div class=\"elementor-widget-container\">\n\t\t\t\t\t\t\t<div class=\"uael-team-member\">\n\t\t\t<div class = \"uael-team-member-wrap\" >\n\t\t\t\t<div class=\"uael-member-wrap\" >\n\t\t\t\t\t\t\t\t\t\t\t\t<div class=\"uael-team-member-image\">\n\t\t\t\t\t\t\t<div class=elementor-animation-><img loading=\"lazy\" decoding=\"async\" width=\"300\" height=\"300\" src=\"https:\/\/www.catalunyadrag.cat\/wp-content\/uploads\/2025\/02\/perfiljury-3.png\" class=\"attachment-large size-large wp-image-8238\" alt=\"\" srcset=\"https:\/\/www.catalunyadrag.cat\/wp-content\/uploads\/2025\/02\/perfiljury-3.png 300w, https:\/\/www.catalunyadrag.cat\/wp-content\/uploads\/2025\/02\/perfiljury-3-150x150.png 150w\" sizes=\"(max-width: 300px) 100vw, 300px\" \/><\/div>\t\t\t\t\t\t\t<\/div>\n\t\t\t\t\t\t\t\t\t\t\t\t\t\t\t<div class=\"uael-team-member-content\">\n\t\t\t\t\t\t\t\t\t\t\t<div class=\"uael-team-member-name\">\n\t\t\t\t\t\t<h4 class=\"uael-team-name\">Ariadna F\u00e0<\/h4>\t\t\t\t\t\t<\/div>\n\t\t\t\t\t\t\t\t\t\t\t\t\t\t\t\t\t\t\t\t\t\t\t\t\t\t\t<div class=\"uael-team-member-designation\">\n\t\t\t\t\t\t\t<div class=\"uael-team-desig\">Caracteritzadora\t\t\t\t\t\t\t<\/div>\n\t\t\t\t\t\t<\/div>\n\t\t\t\t\t\t\t\t\t\t\t\t\t\t\t\t\t\t\t\t\t\t\t\t\t\t\t\t\t<\/div>\n\t\t\t<\/div>\n\t\t<\/div>\n\t<\/div>\n\t\t\t\t\t\t<\/div>\n\t\t\t\t<\/div>\n\t\t\t\t<div class=\"elementor-element elementor-element-20d00ed0 uael-shape-circle uael-member-image-pos-above uael-team-member-align-center elementor-widget elementor-widget-uael-team-member\" data-id=\"20d00ed0\" data-element_type=\"widget\" data-e-type=\"widget\" data-widget_type=\"uael-team-member.default\">\n\t\t\t\t<div class=\"elementor-widget-container\">\n\t\t\t\t\t\t\t<div class=\"uael-team-member\">\n\t\t\t<div class = \"uael-team-member-wrap\" >\n\t\t\t\t<div class=\"uael-member-wrap\" >\n\t\t\t\t\t\t\t\t\t\t\t\t<div class=\"uael-team-member-image\">\n\t\t\t\t\t\t\t<div class=elementor-animation-><img loading=\"lazy\" decoding=\"async\" width=\"300\" height=\"300\" src=\"https:\/\/www.catalunyadrag.cat\/wp-content\/uploads\/2025\/02\/perfiljury-4.png\" class=\"attachment-large size-large wp-image-8239\" alt=\"\" srcset=\"https:\/\/www.catalunyadrag.cat\/wp-content\/uploads\/2025\/02\/perfiljury-4.png 300w, https:\/\/www.catalunyadrag.cat\/wp-content\/uploads\/2025\/02\/perfiljury-4-150x150.png 150w\" sizes=\"(max-width: 300px) 100vw, 300px\" \/><\/div>\t\t\t\t\t\t\t<\/div>\n\t\t\t\t\t\t\t\t\t\t\t\t\t\t\t<div class=\"uael-team-member-content\">\n\t\t\t\t\t\t\t\t\t\t\t<div class=\"uael-team-member-name\">\n\t\t\t\t\t\t<h4 class=\"uael-team-name\">Nuria Escarp<\/h4>\t\t\t\t\t\t<\/div>\n\t\t\t\t\t\t\t\t\t\t\t\t\t\t\t\t\t\t\t\t\t\t\t\t\t\t\t<div class=\"uael-team-member-designation\">\n\t\t\t\t\t\t\t<div class=\"uael-team-desig\">Dj i Productora Internacional\t\t\t\t\t\t\t<\/div>\n\t\t\t\t\t\t<\/div>\n\t\t\t\t\t\t\t\t\t\t\t\t\t\t\t\t\t\t\t\t\t\t\t\t\t\t\t\t\t<\/div>\n\t\t\t<\/div>\n\t\t<\/div>\n\t<\/div>\n\t\t\t\t\t\t<\/div>\n\t\t\t\t<\/div>\n\t\t\t\t\t<\/div>\n\t\t\t\t<\/div>\n\t\t\t\t<\/div>\n\t\t","protected":false},"excerpt":{"rendered":"<p>Amb l&#8217;objectiu de donar transpar\u00e8ncia a les votacions del certamen us presentem al jurat professional que puntuar\u00e0 enguany les actuacions de les nostres artistes. Passa el mouse sobre cada jurat per veure la seva traject\u00f2ria! Marta Sanmart\u00edn Dj i Productora Puy Ruiz de Alda Dj i Productora Noelia Vilches Estilista Juan Ramon Garc\u00eda Produccions de&hellip;<\/p>\n","protected":false},"author":1,"featured_media":0,"parent":0,"menu_order":0,"comment_status":"closed","ping_status":"closed","template":"","meta":{"footnotes":""},"class_list":["post-7821","page","type-page","status-publish","hentry"],"_links":{"self":[{"href":"https:\/\/www.catalunyadrag.cat\/index.php\/wp-json\/wp\/v2\/pages\/7821","targetHints":{"allow":["GET"]}}],"collection":[{"href":"https:\/\/www.catalunyadrag.cat\/index.php\/wp-json\/wp\/v2\/pages"}],"about":[{"href":"https:\/\/www.catalunyadrag.cat\/index.php\/wp-json\/wp\/v2\/types\/page"}],"author":[{"embeddable":true,"href":"https:\/\/www.catalunyadrag.cat\/index.php\/wp-json\/wp\/v2\/users\/1"}],"replies":[{"embeddable":true,"href":"https:\/\/www.catalunyadrag.cat\/index.php\/wp-json\/wp\/v2\/comments?post=7821"}],"version-history":[{"count":34,"href":"https:\/\/www.catalunyadrag.cat\/index.php\/wp-json\/wp\/v2\/pages\/7821\/revisions"}],"predecessor-version":[{"id":8627,"href":"https:\/\/www.catalunyadrag.cat\/index.php\/wp-json\/wp\/v2\/pages\/7821\/revisions\/8627"}],"wp:attachment":[{"href":"https:\/\/www.catalunyadrag.cat\/index.php\/wp-json\/wp\/v2\/media?parent=7821"}],"curies":[{"name":"wp","href":"https:\/\/api.w.org\/{rel}","templated":true}]}}