{"id":6418,"date":"2024-07-06T02:15:38","date_gmt":"2024-07-06T02:15:38","guid":{"rendered":"https:\/\/catalunyadrag.cat\/?page_id=6418"},"modified":"2025-12-14T08:13:29","modified_gmt":"2025-12-14T07:13:29","slug":"el-teatre","status":"publish","type":"page","link":"https:\/\/www.catalunyadrag.cat\/index.php\/el-teatre\/","title":{"rendered":"El Teatre Tarragona"},"content":{"rendered":"\t\t<div data-elementor-type=\"wp-page\" data-elementor-id=\"6418\" class=\"elementor elementor-6418\" data-elementor-post-type=\"page\">\n\t\t\t\t<div data-particle_enable=\"false\" data-particle-mobile-disabled=\"false\" class=\"elementor-element elementor-element-220fa5f e-flex e-con-boxed e-con e-parent\" data-id=\"220fa5f\" data-element_type=\"container\" data-e-type=\"container\">\n\t\t\t\t\t<div class=\"e-con-inner\">\n\t\t<div data-particle_enable=\"false\" data-particle-mobile-disabled=\"false\" class=\"elementor-element elementor-element-cbc6485 e-con-full e-flex e-con e-child\" data-id=\"cbc6485\" data-element_type=\"container\" data-e-type=\"container\">\n\t\t\t\t<div class=\"elementor-element elementor-element-a3ca10e elementor-widget elementor-widget-text-editor\" data-id=\"a3ca10e\" data-element_type=\"widget\" data-e-type=\"widget\" data-widget_type=\"text-editor.default\">\n\t\t\t\t<div class=\"elementor-widget-container\">\n\t\t\t\t\t\t\t\t\t<p>El Teatre Tarragona \u00e9s un teatre itali\u00e0 amb llocs i un amfiteatre, i amb capacitat per a 698.<\/p><p>Constru\u00eft el 1924 i despr\u00e9s de diverses vicissituds i escenaris, l&#8217;11 de desembre de 2012 torna a obrir les seves portes a la ciutat (llegir m\u00e9s sobre la hist\u00f2ria del Teatre Tarragona).<\/p><p>Amb un nou edifici dissenyat per l&#8217;arquitecte Xavier Climent (Tarragona), el teatre est\u00e0 constru\u00eft al n\u00famero 11 de la Rambla Nova, el passeig principal de la ciutat.<\/p><p>La sala, amb capacitat per a 700 persones assegudes entre els llocs i un amfiteatre, compta amb un volum i ac\u00fastica adaptat al teatre de paraula, enfront d&#8217;una broqueta en un escenari amb una \u00e0mplia maquin\u00e0ria vertical i un espai molt limitat (veure les especificacions t\u00e8cniques de l&#8217;equip).<\/p>\t\t\t\t\t\t\t\t<\/div>\n\t\t\t\t<\/div>\n\t\t\t\t<\/div>\n\t\t<div data-particle_enable=\"false\" data-particle-mobile-disabled=\"false\" class=\"elementor-element elementor-element-d0eab35 e-con-full e-flex e-con e-child\" data-id=\"d0eab35\" data-element_type=\"container\" data-e-type=\"container\">\n\t\t\t\t<div class=\"elementor-element elementor-element-7c9cffb elementor-widget elementor-widget-image\" data-id=\"7c9cffb\" data-element_type=\"widget\" data-e-type=\"widget\" data-widget_type=\"image.default\">\n\t\t\t\t<div class=\"elementor-widget-container\">\n\t\t\t\t\t\t\t\t\t\t\t\t\t\t\t<img fetchpriority=\"high\" decoding=\"async\" width=\"2000\" height=\"1233\" src=\"https:\/\/www.catalunyadrag.cat\/wp-content\/uploads\/2025\/01\/0212-tarragona-teatre-1_241-634511_20221203134525.jpg\" class=\"attachment-full size-full wp-image-7361\" alt=\"\" srcset=\"https:\/\/www.catalunyadrag.cat\/wp-content\/uploads\/2025\/01\/0212-tarragona-teatre-1_241-634511_20221203134525.jpg 2000w, https:\/\/www.catalunyadrag.cat\/wp-content\/uploads\/2025\/01\/0212-tarragona-teatre-1_241-634511_20221203134525-300x185.jpg 300w, https:\/\/www.catalunyadrag.cat\/wp-content\/uploads\/2025\/01\/0212-tarragona-teatre-1_241-634511_20221203134525-1024x631.jpg 1024w, https:\/\/www.catalunyadrag.cat\/wp-content\/uploads\/2025\/01\/0212-tarragona-teatre-1_241-634511_20221203134525-768x473.jpg 768w, https:\/\/www.catalunyadrag.cat\/wp-content\/uploads\/2025\/01\/0212-tarragona-teatre-1_241-634511_20221203134525-1536x947.jpg 1536w\" sizes=\"(max-width: 2000px) 100vw, 2000px\" \/>\t\t\t\t\t\t\t\t\t\t\t\t\t\t\t<\/div>\n\t\t\t\t<\/div>\n\t\t\t\t<\/div>\n\t\t\t\t\t<\/div>\n\t\t\t\t<\/div>\n\t\t<div data-particle_enable=\"false\" data-particle-mobile-disabled=\"false\" class=\"elementor-element elementor-element-c38635b e-flex e-con-boxed e-con e-parent\" data-id=\"c38635b\" data-element_type=\"container\" data-e-type=\"container\">\n\t\t\t\t\t<div class=\"e-con-inner\">\n\t\t<div data-particle_enable=\"false\" data-particle-mobile-disabled=\"false\" class=\"elementor-element elementor-element-f856a82 e-con-full e-flex e-con e-child\" data-id=\"f856a82\" data-element_type=\"container\" data-e-type=\"container\">\n\t\t\t\t<div class=\"elementor-element elementor-element-c3055fb elementor-widget elementor-widget-image\" data-id=\"c3055fb\" data-element_type=\"widget\" data-e-type=\"widget\" data-widget_type=\"image.default\">\n\t\t\t\t<div class=\"elementor-widget-container\">\n\t\t\t\t\t\t\t\t\t\t\t\t\t\t\t<img decoding=\"async\" width=\"1200\" height=\"1200\" src=\"https:\/\/www.catalunyadrag.cat\/wp-content\/uploads\/2025\/01\/Teatre_Tarragona_2015-e1735741227841.jpg\" class=\"attachment-full size-full wp-image-7359\" alt=\"\" srcset=\"https:\/\/www.catalunyadrag.cat\/wp-content\/uploads\/2025\/01\/Teatre_Tarragona_2015-e1735741227841.jpg 1200w, https:\/\/www.catalunyadrag.cat\/wp-content\/uploads\/2025\/01\/Teatre_Tarragona_2015-e1735741227841-300x300.jpg 300w, https:\/\/www.catalunyadrag.cat\/wp-content\/uploads\/2025\/01\/Teatre_Tarragona_2015-e1735741227841-1024x1024.jpg 1024w, https:\/\/www.catalunyadrag.cat\/wp-content\/uploads\/2025\/01\/Teatre_Tarragona_2015-e1735741227841-150x150.jpg 150w, https:\/\/www.catalunyadrag.cat\/wp-content\/uploads\/2025\/01\/Teatre_Tarragona_2015-e1735741227841-768x768.jpg 768w\" sizes=\"(max-width: 1200px) 100vw, 1200px\" \/>\t\t\t\t\t\t\t\t\t\t\t\t\t\t\t<\/div>\n\t\t\t\t<\/div>\n\t\t\t\t<\/div>\n\t\t<div data-particle_enable=\"false\" data-particle-mobile-disabled=\"false\" class=\"elementor-element elementor-element-06ee2e8 e-con-full e-flex e-con e-child\" data-id=\"06ee2e8\" data-element_type=\"container\" data-e-type=\"container\">\n\t\t\t\t<div class=\"elementor-element elementor-element-938cd16 elementor-widget elementor-widget-text-editor\" data-id=\"938cd16\" data-element_type=\"widget\" data-e-type=\"widget\" data-widget_type=\"text-editor.default\">\n\t\t\t\t<div class=\"elementor-widget-container\">\n\t\t\t\t\t\t\t\t\t<p>L&#8217;\u00fas principal de l&#8217; edifici \u00e9s la producci\u00f3 i exhibici\u00f3 p\u00fablica d&#8217; espectacles de tots els g\u00e8neres en format frontal, comunament coneguts com a italians, aix\u00ed com altres activitats complement\u00e0ries com concerts, projeccions, presentacions i xerrades.<\/p><p>Al Gran vest\u00edbul hi ha informaci\u00f3 cultural, venda d&#8217;entrades, un bar i exposicions, xerrades, f\u00f2rums, espectacles i concerts de petit format. Tamb\u00e9 es pot veure el tr\u00edptic que Josep M. Rossell\u00f3 ha pintat per al nou equipament: una platja per a tu.<\/p><p>Sobre el vest\u00edbul hi ha una sala amb un gran mirador sobre la Rambla Nova i el Balc\u00f3 de la Mediterr\u00e0nia, on es poden rebre confer\u00e8ncies, confer\u00e8ncies i presentacions.<\/p>\t\t\t\t\t\t\t\t<\/div>\n\t\t\t\t<\/div>\n\t\t\t\t<\/div>\n\t\t\t\t\t<\/div>\n\t\t\t\t<\/div>\n\t\t\t\t<\/div>\n\t\t","protected":false},"excerpt":{"rendered":"<p>El Teatre Tarragona \u00e9s un teatre itali\u00e0 amb llocs i un amfiteatre, i amb capacitat per a 698. Constru\u00eft el 1924 i despr\u00e9s de diverses vicissituds i escenaris, l&#8217;11 de desembre de 2012 torna a obrir les seves portes a la ciutat (llegir m\u00e9s sobre la hist\u00f2ria del Teatre Tarragona). Amb un nou edifici dissenyat&hellip;<\/p>\n","protected":false},"author":1,"featured_media":0,"parent":0,"menu_order":0,"comment_status":"closed","ping_status":"closed","template":"","meta":{"footnotes":""},"class_list":["post-6418","page","type-page","status-publish","hentry"],"_links":{"self":[{"href":"https:\/\/www.catalunyadrag.cat\/index.php\/wp-json\/wp\/v2\/pages\/6418","targetHints":{"allow":["GET"]}}],"collection":[{"href":"https:\/\/www.catalunyadrag.cat\/index.php\/wp-json\/wp\/v2\/pages"}],"about":[{"href":"https:\/\/www.catalunyadrag.cat\/index.php\/wp-json\/wp\/v2\/types\/page"}],"author":[{"embeddable":true,"href":"https:\/\/www.catalunyadrag.cat\/index.php\/wp-json\/wp\/v2\/users\/1"}],"replies":[{"embeddable":true,"href":"https:\/\/www.catalunyadrag.cat\/index.php\/wp-json\/wp\/v2\/comments?post=6418"}],"version-history":[{"count":16,"href":"https:\/\/www.catalunyadrag.cat\/index.php\/wp-json\/wp\/v2\/pages\/6418\/revisions"}],"predecessor-version":[{"id":8597,"href":"https:\/\/www.catalunyadrag.cat\/index.php\/wp-json\/wp\/v2\/pages\/6418\/revisions\/8597"}],"wp:attachment":[{"href":"https:\/\/www.catalunyadrag.cat\/index.php\/wp-json\/wp\/v2\/media?parent=6418"}],"curies":[{"name":"wp","href":"https:\/\/api.w.org\/{rel}","templated":true}]}}