{"id":6413,"date":"2024-07-06T02:15:14","date_gmt":"2024-07-06T02:15:14","guid":{"rendered":"https:\/\/catalunyadrag.cat\/?page_id=6413"},"modified":"2025-12-14T07:54:11","modified_gmt":"2025-12-14T06:54:11","slug":"equip","status":"publish","type":"page","link":"https:\/\/www.catalunyadrag.cat\/index.php\/equip\/","title":{"rendered":"El Nostre Equip"},"content":{"rendered":"\t\t<div data-elementor-type=\"wp-page\" data-elementor-id=\"6413\" class=\"elementor elementor-6413\" data-elementor-post-type=\"page\">\n\t\t\t\t<div data-particle_enable=\"false\" data-particle-mobile-disabled=\"false\" class=\"elementor-element elementor-element-5c8956e e-con-full e-flex e-con e-parent\" data-id=\"5c8956e\" data-element_type=\"container\" data-e-type=\"container\">\n\t\t\t\t<div class=\"elementor-element elementor-element-137518b elementor-widget elementor-widget-text-editor\" data-id=\"137518b\" data-element_type=\"widget\" data-e-type=\"widget\" data-widget_type=\"text-editor.default\">\n\t\t\t\t<div class=\"elementor-widget-container\">\n\t\t\t\t\t\t\t\t\t<p data-path-to-node=\"1\">Benvinguts a <b>Produccions de Catalunya<\/b>, el vostre soci estrat\u00e8gic i creatiu dedicat a transformar les vostres idees i visions en experi\u00e8ncies memorables i d&#8217;alt impacte. Amb una s\u00f2lida traject\u00f2ria de <b>m\u00e9s d&#8217;una d\u00e8cada d&#8217;experi\u00e8ncia<\/b> en la ind\u00fastria i un historial de <b>m\u00e9s de 30 esdeveniments creats<\/b> amb \u00e8xit, som la garantia que el vostre projecte arribar\u00e0 a bon port.<\/p><p data-path-to-node=\"2\">El nostre equip \u00e9s la nostra major fortalesa: un col\u00b7lectiu de professionals apassionats i amb una traject\u00f2ria contrastada, formats per especialistes i noves promeses de tot el territori. Aquesta diversitat d&#8217;or\u00edgens i talent ens permet aportar una mirada innovadora i \u00e0mplia a cada desafiament, assegurant una execuci\u00f3 impecable i un enfocament <b>100% personalitzat<\/b> que s&#8217;adapta perfectament a les necessitats i l&#8217;entorn de cada client.<\/p><p data-path-to-node=\"3\"><b>La nostra dedicaci\u00f3 es reflecteix en la nostra filosofia de treball:<\/b> Tal com subratlla el nostre Director Executiu, Maximili\u00e0 Font, &#8216;el secret de Produccions de Catalunya \u00e9s que sempre ens impliquem al m\u00e0xim en els nostres projectes i esdeveniments, d&#8217;aqu\u00ed que l&#8217;\u00e8xit estigui assegurat.&#8217; Ens encarreguem de dominar totes les fases del proc\u00e9s de producci\u00f3: des de la conceptualitzaci\u00f3 inicial i la planificaci\u00f3 detallada, fins a la producci\u00f3 i l&#8217;execuci\u00f3 final.<\/p><p data-path-to-node=\"4\"><b>Som especialistes en la creaci\u00f3 i gesti\u00f3 integral d&#8217;una \u00e0mplia gamma d&#8217;actes:<\/b><\/p><ul data-path-to-node=\"5\"><li><p data-path-to-node=\"5,0,0\"><b>Esdeveniments Corporatius i Professionals:<\/b> Congressos, fires, presentacions de producte, i actes institucionals.<\/p><\/li><li><p data-path-to-node=\"5,1,0\"><b>Esdeveniments Culturals i d&#8217;Entreteniment:<\/b> Grans concerts, espectacles a l&#8217;aire lliure o en recinte tancat, i actes privats.<\/p><\/li><\/ul><p data-path-to-node=\"6\"><b>Oferim un cat\u00e0leg de serveis integrals per a cobrir absolutament totes les vostres necessitats log\u00edstiques i t\u00e8cniques:<\/b><\/p><ul data-path-to-node=\"7\"><li><p data-path-to-node=\"7,0,0\"><b>Infraestructura T\u00e8cnica Avan\u00e7ada:<\/b> Proporcionem les millors solucions de <b>So<\/b> i <b>Il\u00b7luminaci\u00f3<\/b> de la m\u00e0 de professionals l\u00edders del sector, optimitzant la qualitat i el preu.<\/p><\/li><li><p data-path-to-node=\"7,1,0\"><b>Connectivitat Garantida:<\/b> Oferim serveis de <b>Connexions<\/b> d&#8217;internet i telefonia m\u00f2bil sota demanda, essencials per a qualsevol esdeveniment modern.<\/p><\/li><li><p data-path-to-node=\"7,2,0\"><b>Gesti\u00f3 i Disseny:<\/b> Ens ocupem del <b>Disseny<\/b> tant a nivell de planificaci\u00f3 d&#8217;espais com a nivell gr\u00e0fic. A m\u00e9s, facilitem la <b>Gesti\u00f3 Integral de Ticketing<\/b> per fer la venda d&#8217;entrades m\u00e9s senzilla que mai.<\/p><\/li><\/ul><p data-path-to-node=\"8\">A <b>Produccions de Catalunya<\/b>, el nostre objectiu \u00e9s anar m\u00e9s enll\u00e0 de les expectatives. Si no trobeu el servei que busqueu, el trobarem o el crearem. Contacteu amb els nostres professionals a Barcelona i convertim el vostre pr\u00f2xim projecte en una realitat vibrant i un \u00e8xit inoblidable.<\/p>\t\t\t\t\t\t\t\t<\/div>\n\t\t\t\t<\/div>\n\t\t\t\t<\/div>\n\t\t<div data-particle_enable=\"false\" data-particle-mobile-disabled=\"false\" class=\"elementor-element elementor-element-fdeb8f9 e-grid e-con-full e-con e-parent\" data-id=\"fdeb8f9\" data-element_type=\"container\" data-e-type=\"container\">\n\t\t\t\t<div class=\"elementor-element elementor-element-22184f2 elementor-position-top elementor-widget elementor-widget-image-box\" data-id=\"22184f2\" data-element_type=\"widget\" data-e-type=\"widget\" data-widget_type=\"image-box.default\">\n\t\t\t\t<div class=\"elementor-widget-container\">\n\t\t\t\t\t<div class=\"elementor-image-box-wrapper\"><figure class=\"elementor-image-box-img\"><img fetchpriority=\"high\" decoding=\"async\" width=\"500\" height=\"500\" src=\"https:\/\/www.catalunyadrag.cat\/wp-content\/uploads\/2025\/02\/team-1-1.png\" class=\"attachment-full size-full wp-image-8302\" alt=\"\" srcset=\"https:\/\/www.catalunyadrag.cat\/wp-content\/uploads\/2025\/02\/team-1-1.png 500w, https:\/\/www.catalunyadrag.cat\/wp-content\/uploads\/2025\/02\/team-1-1-300x300.png 300w, https:\/\/www.catalunyadrag.cat\/wp-content\/uploads\/2025\/02\/team-1-1-150x150.png 150w\" sizes=\"(max-width: 500px) 100vw, 500px\" \/><\/figure><div class=\"elementor-image-box-content\"><h3 class=\"elementor-image-box-title\">Maximili\u00e0 Font<\/h3><p class=\"elementor-image-box-description\">Director Executiu<\/p><\/div><\/div>\t\t\t\t<\/div>\n\t\t\t\t<\/div>\n\t\t\t\t<div class=\"elementor-element elementor-element-5de7ce1 elementor-position-top elementor-widget elementor-widget-image-box\" data-id=\"5de7ce1\" data-element_type=\"widget\" data-e-type=\"widget\" data-widget_type=\"image-box.default\">\n\t\t\t\t<div class=\"elementor-widget-container\">\n\t\t\t\t\t<div class=\"elementor-image-box-wrapper\"><figure class=\"elementor-image-box-img\"><img decoding=\"async\" width=\"500\" height=\"500\" src=\"https:\/\/www.catalunyadrag.cat\/wp-content\/uploads\/2025\/02\/team-3-1.png\" class=\"attachment-full size-full wp-image-8295\" alt=\"\" srcset=\"https:\/\/www.catalunyadrag.cat\/wp-content\/uploads\/2025\/02\/team-3-1.png 500w, https:\/\/www.catalunyadrag.cat\/wp-content\/uploads\/2025\/02\/team-3-1-300x300.png 300w, https:\/\/www.catalunyadrag.cat\/wp-content\/uploads\/2025\/02\/team-3-1-150x150.png 150w\" sizes=\"(max-width: 500px) 100vw, 500px\" \/><\/figure><div class=\"elementor-image-box-content\"><h3 class=\"elementor-image-box-title\">Mireia Casas<\/h3><p class=\"elementor-image-box-description\">Ajudant de Direcci\u00f3<\/p><\/div><\/div>\t\t\t\t<\/div>\n\t\t\t\t<\/div>\n\t\t\t\t<div class=\"elementor-element elementor-element-09c96be elementor-position-top elementor-widget elementor-widget-image-box\" data-id=\"09c96be\" data-element_type=\"widget\" data-e-type=\"widget\" data-widget_type=\"image-box.default\">\n\t\t\t\t<div class=\"elementor-widget-container\">\n\t\t\t\t\t<div class=\"elementor-image-box-wrapper\"><figure class=\"elementor-image-box-img\"><img decoding=\"async\" width=\"500\" height=\"500\" src=\"https:\/\/www.catalunyadrag.cat\/wp-content\/uploads\/2025\/02\/team-7-1.png\" class=\"attachment-full size-full wp-image-8299\" alt=\"\" srcset=\"https:\/\/www.catalunyadrag.cat\/wp-content\/uploads\/2025\/02\/team-7-1.png 500w, https:\/\/www.catalunyadrag.cat\/wp-content\/uploads\/2025\/02\/team-7-1-300x300.png 300w, https:\/\/www.catalunyadrag.cat\/wp-content\/uploads\/2025\/02\/team-7-1-150x150.png 150w\" sizes=\"(max-width: 500px) 100vw, 500px\" \/><\/figure><div class=\"elementor-image-box-content\"><h3 class=\"elementor-image-box-title\">William Vargas<\/h3><p class=\"elementor-image-box-description\">Xarxes Socials<\/p><\/div><\/div>\t\t\t\t<\/div>\n\t\t\t\t<\/div>\n\t\t\t\t<div class=\"elementor-element elementor-element-e22802a elementor-position-top elementor-widget elementor-widget-image-box\" data-id=\"e22802a\" data-element_type=\"widget\" data-e-type=\"widget\" data-widget_type=\"image-box.default\">\n\t\t\t\t<div class=\"elementor-widget-container\">\n\t\t\t\t\t<div class=\"elementor-image-box-wrapper\"><figure class=\"elementor-image-box-img\"><img loading=\"lazy\" decoding=\"async\" width=\"500\" height=\"500\" src=\"https:\/\/www.catalunyadrag.cat\/wp-content\/uploads\/2025\/02\/team-2-1.png\" class=\"attachment-full size-full wp-image-8303\" alt=\"\" srcset=\"https:\/\/www.catalunyadrag.cat\/wp-content\/uploads\/2025\/02\/team-2-1.png 500w, https:\/\/www.catalunyadrag.cat\/wp-content\/uploads\/2025\/02\/team-2-1-300x300.png 300w, https:\/\/www.catalunyadrag.cat\/wp-content\/uploads\/2025\/02\/team-2-1-150x150.png 150w\" sizes=\"(max-width: 500px) 100vw, 500px\" \/><\/figure><div class=\"elementor-image-box-content\"><h3 class=\"elementor-image-box-title\">Richard Bonnot<\/h3><p class=\"elementor-image-box-description\">Core\u00f2graf<\/p><\/div><\/div>\t\t\t\t<\/div>\n\t\t\t\t<\/div>\n\t\t\t\t<div class=\"elementor-element elementor-element-ee1d616 elementor-position-top elementor-widget elementor-widget-image-box\" data-id=\"ee1d616\" data-element_type=\"widget\" data-e-type=\"widget\" data-widget_type=\"image-box.default\">\n\t\t\t\t<div class=\"elementor-widget-container\">\n\t\t\t\t\t<div class=\"elementor-image-box-wrapper\"><figure class=\"elementor-image-box-img\"><img loading=\"lazy\" decoding=\"async\" width=\"500\" height=\"500\" src=\"https:\/\/www.catalunyadrag.cat\/wp-content\/uploads\/2025\/02\/team-8-1.png\" class=\"attachment-full size-full wp-image-8300\" alt=\"\" srcset=\"https:\/\/www.catalunyadrag.cat\/wp-content\/uploads\/2025\/02\/team-8-1.png 500w, https:\/\/www.catalunyadrag.cat\/wp-content\/uploads\/2025\/02\/team-8-1-300x300.png 300w, https:\/\/www.catalunyadrag.cat\/wp-content\/uploads\/2025\/02\/team-8-1-150x150.png 150w\" sizes=\"(max-width: 500px) 100vw, 500px\" \/><\/figure><div class=\"elementor-image-box-content\"><h3 class=\"elementor-image-box-title\">Sergi Carrillo<\/h3><p class=\"elementor-image-box-description\">Director Comercial<\/p><\/div><\/div>\t\t\t\t<\/div>\n\t\t\t\t<\/div>\n\t\t\t\t<div class=\"elementor-element elementor-element-acd4893 elementor-position-top elementor-widget elementor-widget-image-box\" data-id=\"acd4893\" data-element_type=\"widget\" data-e-type=\"widget\" data-widget_type=\"image-box.default\">\n\t\t\t\t<div class=\"elementor-widget-container\">\n\t\t\t\t\t<div class=\"elementor-image-box-wrapper\"><figure class=\"elementor-image-box-img\"><img loading=\"lazy\" decoding=\"async\" width=\"500\" height=\"500\" src=\"https:\/\/www.catalunyadrag.cat\/wp-content\/uploads\/2025\/02\/team-6-1.png\" class=\"attachment-full size-full wp-image-8298\" alt=\"\" srcset=\"https:\/\/www.catalunyadrag.cat\/wp-content\/uploads\/2025\/02\/team-6-1.png 500w, https:\/\/www.catalunyadrag.cat\/wp-content\/uploads\/2025\/02\/team-6-1-300x300.png 300w, https:\/\/www.catalunyadrag.cat\/wp-content\/uploads\/2025\/02\/team-6-1-150x150.png 150w\" sizes=\"(max-width: 500px) 100vw, 500px\" \/><\/figure><div class=\"elementor-image-box-content\"><h3 class=\"elementor-image-box-title\">Drag Divax<\/h3><p class=\"elementor-image-box-description\">Dinamitzaci\u00f3<\/p><\/div><\/div>\t\t\t\t<\/div>\n\t\t\t\t<\/div>\n\t\t\t\t<\/div>\n\t\t<div data-particle_enable=\"false\" data-particle-mobile-disabled=\"false\" class=\"elementor-element elementor-element-12916b52 e-flex e-con-boxed e-con e-parent\" data-id=\"12916b52\" data-element_type=\"container\" data-e-type=\"container\" data-settings=\"{&quot;background_background&quot;:&quot;classic&quot;}\">\n\t\t\t\t\t<div class=\"e-con-inner\">\n\t\t\t\t<div class=\"elementor-element elementor-element-60937cab elementor-widget elementor-widget-icon-box\" data-id=\"60937cab\" data-element_type=\"widget\" data-e-type=\"widget\" data-widget_type=\"icon-box.default\">\n\t\t\t\t<div class=\"elementor-widget-container\">\n\t\t\t\t\t\t\t<div class=\"elementor-icon-box-wrapper\">\n\n\t\t\t\n\t\t\t\t\t\t<div class=\"elementor-icon-box-content\">\n\n\t\t\t\t\t\t\t\t\t<h3 class=\"elementor-icon-box-title\">\n\t\t\t\t\t\t<span  >\n\t\t\t\t\t\t\tVols formar part del equip?\t\t\t\t\t\t<\/span>\n\t\t\t\t\t<\/h3>\n\t\t\t\t\n\t\t\t\t\t\t\t\t\t<p class=\"elementor-icon-box-description\">\n\t\t\t\t\t\tOmple el seg\u00fcent formulari i forma part dels certamens drag de Catalunya\t\t\t\t\t<\/p>\n\t\t\t\t\n\t\t\t<\/div>\n\t\t\t\n\t\t<\/div>\n\t\t\t\t\t\t<\/div>\n\t\t\t\t<\/div>\n\t\t\t\t\t<\/div>\n\t\t\t\t<\/div>\n\t\t<div data-particle_enable=\"false\" data-particle-mobile-disabled=\"false\" class=\"elementor-element elementor-element-ca0b1d8 e-flex e-con-boxed e-con e-parent\" data-id=\"ca0b1d8\" data-element_type=\"container\" data-e-type=\"container\">\n\t\t\t\t\t<div class=\"e-con-inner\">\n\t\t\t\t<div class=\"elementor-element elementor-element-f5af818 elementor-button-align-stretch elementor-widget elementor-widget-form\" data-id=\"f5af818\" data-element_type=\"widget\" data-e-type=\"widget\" data-settings=\"{&quot;step_next_label&quot;:&quot;Next&quot;,&quot;step_previous_label&quot;:&quot;Previous&quot;,&quot;button_width&quot;:&quot;100&quot;,&quot;step_type&quot;:&quot;number_text&quot;,&quot;step_icon_shape&quot;:&quot;circle&quot;}\" data-widget_type=\"form.default\">\n\t\t\t\t<div class=\"elementor-widget-container\">\n\t\t\t\t\t\t\t<form class=\"elementor-form\" method=\"post\" id=\"voluntaris\" name=\"Voluntari Barcelona Drag\" aria-label=\"Voluntari Barcelona Drag\">\n\t\t\t<input type=\"hidden\" name=\"post_id\" value=\"6413\"\/>\n\t\t\t<input type=\"hidden\" name=\"form_id\" value=\"f5af818\"\/>\n\t\t\t<input type=\"hidden\" name=\"referer_title\" value=\"El Nostre Equip\" \/>\n\n\t\t\t\t\t\t\t<input type=\"hidden\" name=\"queried_id\" value=\"6413\"\/>\n\t\t\t\n\t\t\t<div class=\"elementor-form-fields-wrapper elementor-labels-\">\n\t\t\t\t\t\t\t\t<div class=\"elementor-field-type-text elementor-field-group elementor-column elementor-field-group-name elementor-col-25 elementor-field-required\">\n\t\t\t\t\t\t\t\t\t\t\t\t<label for=\"form-field-name\" class=\"elementor-field-label elementor-screen-only\">\n\t\t\t\t\t\t\t\tNom\t\t\t\t\t\t\t<\/label>\n\t\t\t\t\t\t\t\t\t\t\t\t\t\t<input size=\"1\" type=\"text\" name=\"form_fields[name]\" id=\"form-field-name\" class=\"elementor-field elementor-size-md  elementor-field-textual\" placeholder=\"Nom\" required=\"required\">\n\t\t\t\t\t\t\t\t\t\t\t<\/div>\n\t\t\t\t\t\t\t\t<div class=\"elementor-field-type-text elementor-field-group elementor-column elementor-field-group-field_5e879e9 elementor-col-50 elementor-field-required\">\n\t\t\t\t\t\t\t\t\t\t\t\t<label for=\"form-field-field_5e879e9\" class=\"elementor-field-label elementor-screen-only\">\n\t\t\t\t\t\t\t\tCognoms\t\t\t\t\t\t\t<\/label>\n\t\t\t\t\t\t\t\t\t\t\t\t\t\t<input size=\"1\" type=\"text\" name=\"form_fields[field_5e879e9]\" id=\"form-field-field_5e879e9\" class=\"elementor-field elementor-size-md  elementor-field-textual\" placeholder=\"Cognoms\" required=\"required\">\n\t\t\t\t\t\t\t\t\t\t\t<\/div>\n\t\t\t\t\t\t\t\t<div class=\"elementor-field-type-tel elementor-field-group elementor-column elementor-field-group-field_4800774 elementor-col-25 elementor-field-required\">\n\t\t\t\t\t\t\t\t\t\t\t\t<label for=\"form-field-field_4800774\" class=\"elementor-field-label elementor-screen-only\">\n\t\t\t\t\t\t\t\tTel\u00e8fon\t\t\t\t\t\t\t<\/label>\n\t\t\t\t\t\t\t\t<input size=\"1\" type=\"tel\" name=\"form_fields[field_4800774]\" id=\"form-field-field_4800774\" class=\"elementor-field elementor-size-md  elementor-field-textual\" placeholder=\"Tel\u00e8fon\" required=\"required\" pattern=\"[0-9()#&amp;+*-=.]+\" title=\"Only numbers and phone characters (#, -, *, etc) are accepted.\">\n\n\t\t\t\t\t\t<\/div>\n\t\t\t\t\t\t\t\t<div class=\"elementor-field-type-email elementor-field-group elementor-column elementor-field-group-email elementor-col-66 elementor-field-required\">\n\t\t\t\t\t\t\t\t\t\t\t\t<label for=\"form-field-email\" class=\"elementor-field-label elementor-screen-only\">\n\t\t\t\t\t\t\t\tCorreu\t\t\t\t\t\t\t<\/label>\n\t\t\t\t\t\t\t\t\t\t\t\t\t\t<input size=\"1\" type=\"email\" name=\"form_fields[email]\" id=\"form-field-email\" class=\"elementor-field elementor-size-md  elementor-field-textual\" placeholder=\"Correu\" required=\"required\">\n\t\t\t\t\t\t\t\t\t\t\t<\/div>\n\t\t\t\t\t\t\t\t<div class=\"elementor-field-type-date elementor-field-group elementor-column elementor-field-group-field_4daceab elementor-col-33 elementor-field-required\">\n\t\t\t\t\t\t\t\t\t\t\t\t<label for=\"form-field-field_4daceab\" class=\"elementor-field-label elementor-screen-only\">\n\t\t\t\t\t\t\t\tData de Naxement\t\t\t\t\t\t\t<\/label>\n\t\t\t\t\t\t\n\t\t<input type=\"date\" name=\"form_fields[field_4daceab]\" id=\"form-field-field_4daceab\" class=\"elementor-field elementor-size-md  elementor-field-textual elementor-date-field\" placeholder=\"Data de Naxement\" required=\"required\" pattern=\"[0-9]{4}-[0-9]{2}-[0-9]{2}\">\n\t\t\t\t\t\t<\/div>\n\t\t\t\t\t\t\t\t<div class=\"elementor-field-type-select elementor-field-group elementor-column elementor-field-group-field_a1795d4 elementor-col-100 elementor-field-required\">\n\t\t\t\t\t\t\t\t\t\t\t\t<label for=\"form-field-field_a1795d4\" class=\"elementor-field-label elementor-screen-only\">\n\t\t\t\t\t\t\t\tSelecciona\t\t\t\t\t\t\t<\/label>\n\t\t\t\t\t\t\t\t<div class=\"elementor-field elementor-select-wrapper remove-before \">\n\t\t\t<div class=\"select-caret-down-wrapper\">\n\t\t\t\t<svg aria-hidden=\"true\" class=\"e-font-icon-svg e-eicon-caret-down\" viewBox=\"0 0 571.4 571.4\" xmlns=\"http:\/\/www.w3.org\/2000\/svg\"><path d=\"M571 393Q571 407 561 418L311 668Q300 679 286 679T261 668L11 418Q0 407 0 393T11 368 36 357H536Q550 357 561 368T571 393Z\"><\/path><\/svg>\t\t\t<\/div>\n\t\t\t<select name=\"form_fields[field_a1795d4]\" id=\"form-field-field_a1795d4\" class=\"elementor-field-textual elementor-size-md\" required=\"required\">\n\t\t\t\t\t\t\t\t\t<option value=\"Selecciona l&#039;\u00e0rea en la que t&#039;agradaria col\u00b7laborar:\">Selecciona l&#039;\u00e0rea en la que t&#039;agradaria col\u00b7laborar:<\/option>\n\t\t\t\t\t\t\t\t\t<option value=\"Disseny Gr\u00e0fic\">Disseny Gr\u00e0fic<\/option>\n\t\t\t\t\t\t\t\t\t<option value=\"Disseny Web\">Disseny Web<\/option>\n\t\t\t\t\t\t\t\t\t<option value=\"Xarxes Socials\">Xarxes Socials<\/option>\n\t\t\t\t\t\t\t\t\t<option value=\"Realitzaci\u00f3\">Realitzaci\u00f3<\/option>\n\t\t\t\t\t\t\t\t\t<option value=\"Producci\u00f3\">Producci\u00f3<\/option>\n\t\t\t\t\t\t\t\t\t<option value=\"Premsa i Relacions P\u00fabliques\">Premsa i Relacions P\u00fabliques<\/option>\n\t\t\t\t\t\t\t<\/select>\n\t\t<\/div>\n\t\t\t\t\t\t<\/div>\n\t\t\t\t\t\t\t\t<div class=\"elementor-field-type-textarea elementor-field-group elementor-column elementor-field-group-field_6a2fcf0 elementor-col-100\">\n\t\t\t\t\t\t\t\t\t\t\t\t<label for=\"form-field-field_6a2fcf0\" class=\"elementor-field-label elementor-screen-only\">\n\t\t\t\t\t\t\t\tExplica'ns per quin motiu vols formar part del nostre equip\t\t\t\t\t\t\t<\/label>\n\t\t\t\t\t\t<textarea class=\"elementor-field-textual elementor-field  elementor-size-md\" name=\"form_fields[field_6a2fcf0]\" id=\"form-field-field_6a2fcf0\" rows=\"6\" placeholder=\"Explica&#039;ns per quin motiu vols formar part del nostre equip\"><\/textarea>\t\t\t\t<\/div>\n\t\t\t\t\t\t\t\t<div class=\"elementor-field-group elementor-column elementor-field-type-submit elementor-col-100 e-form__buttons\">\n\t\t\t\t\t<button class=\"elementor-button elementor-size-md\" type=\"submit\">\n\t\t\t\t\t\t<span class=\"elementor-button-content-wrapper\">\n\t\t\t\t\t\t\t\t\t\t\t\t\t\t\t\t\t\t\t\t\t\t<span class=\"elementor-button-text\">Enviar Formulari<\/span>\n\t\t\t\t\t\t\t\t\t\t\t\t\t<\/span>\n\t\t\t\t\t<\/button>\n\t\t\t\t<\/div>\n\t\t\t<\/div>\n\t\t<\/form>\n\t\t\t\t\t\t<\/div>\n\t\t\t\t<\/div>\n\t\t\t\t\t<\/div>\n\t\t\t\t<\/div>\n\t\t\t\t<\/div>\n\t\t","protected":false},"excerpt":{"rendered":"<p>Benvinguts a Produccions de Catalunya, el vostre soci estrat\u00e8gic i creatiu dedicat a transformar les vostres idees i visions en experi\u00e8ncies memorables i d&#8217;alt impacte. Amb una s\u00f2lida traject\u00f2ria de m\u00e9s d&#8217;una d\u00e8cada d&#8217;experi\u00e8ncia en la ind\u00fastria i un historial de m\u00e9s de 30 esdeveniments creats amb \u00e8xit, som la garantia que el vostre projecte&hellip;<\/p>\n","protected":false},"author":1,"featured_media":0,"parent":0,"menu_order":0,"comment_status":"closed","ping_status":"closed","template":"","meta":{"footnotes":""},"class_list":["post-6413","page","type-page","status-publish","hentry"],"_links":{"self":[{"href":"https:\/\/www.catalunyadrag.cat\/index.php\/wp-json\/wp\/v2\/pages\/6413","targetHints":{"allow":["GET"]}}],"collection":[{"href":"https:\/\/www.catalunyadrag.cat\/index.php\/wp-json\/wp\/v2\/pages"}],"about":[{"href":"https:\/\/www.catalunyadrag.cat\/index.php\/wp-json\/wp\/v2\/types\/page"}],"author":[{"embeddable":true,"href":"https:\/\/www.catalunyadrag.cat\/index.php\/wp-json\/wp\/v2\/users\/1"}],"replies":[{"embeddable":true,"href":"https:\/\/www.catalunyadrag.cat\/index.php\/wp-json\/wp\/v2\/comments?post=6413"}],"version-history":[{"count":109,"href":"https:\/\/www.catalunyadrag.cat\/index.php\/wp-json\/wp\/v2\/pages\/6413\/revisions"}],"predecessor-version":[{"id":8578,"href":"https:\/\/www.catalunyadrag.cat\/index.php\/wp-json\/wp\/v2\/pages\/6413\/revisions\/8578"}],"wp:attachment":[{"href":"https:\/\/www.catalunyadrag.cat\/index.php\/wp-json\/wp\/v2\/media?parent=6413"}],"curies":[{"name":"wp","href":"https:\/\/api.w.org\/{rel}","templated":true}]}}