{"id":6398,"date":"2024-07-06T02:11:58","date_gmt":"2024-07-06T02:11:58","guid":{"rendered":"https:\/\/catalunyadrag.cat\/?page_id=6398"},"modified":"2025-12-14T07:56:55","modified_gmt":"2025-12-14T06:56:55","slug":"bases-del-certamen","status":"publish","type":"page","link":"https:\/\/www.catalunyadrag.cat\/index.php\/bases-del-certamen\/","title":{"rendered":"Bases del Certamen"},"content":{"rendered":"\t\t<div data-elementor-type=\"wp-page\" data-elementor-id=\"6398\" class=\"elementor elementor-6398\" data-elementor-post-type=\"page\">\n\t\t\t\t<div data-particle_enable=\"false\" data-particle-mobile-disabled=\"false\" class=\"elementor-element elementor-element-ca78f87 e-flex e-con-boxed e-con e-parent\" data-id=\"ca78f87\" data-element_type=\"container\" data-e-type=\"container\">\n\t\t\t\t\t<div class=\"e-con-inner\">\n\t\t<div data-particle_enable=\"false\" data-particle-mobile-disabled=\"false\" class=\"elementor-element elementor-element-8df6a66 e-con-full e-flex e-con e-child\" data-id=\"8df6a66\" data-element_type=\"container\" data-e-type=\"container\">\n\t\t\t\t<div class=\"elementor-element elementor-element-443e690 elementor-widget elementor-widget-text-editor\" data-id=\"443e690\" data-element_type=\"widget\" data-e-type=\"widget\" data-widget_type=\"text-editor.default\">\n\t\t\t\t<div class=\"elementor-widget-container\">\n\t\t\t\t\t\t\t\t\t<p>Per la present es regulen les normes generals d&#8217;inscripci\u00f3, participaci\u00f3 i actes del Certamen, el seu funcionament, les seves normes i els premis. El Certamen Tarragona Drag 2026 es desenvolupar\u00e0 en una \u00fanica gala en qu\u00e8 es presentaran les actuacions dels artistes participants davant un jurat professional i un jurat popular conformat per l&#8217;audi\u00e8ncia present al recinte on es celebri.<\/p><p>Pots llegir a continuaci\u00f3 les bases per al certamen Tarragona Drag 2026.<\/p>\t\t\t\t\t\t\t\t<\/div>\n\t\t\t\t<\/div>\n\t\t\t\t<\/div>\n\t\t\t\t\t<\/div>\n\t\t\t\t<\/div>\n\t\t<div data-particle_enable=\"false\" data-particle-mobile-disabled=\"false\" class=\"elementor-element elementor-element-73b122a e-con-full e-flex e-con e-parent\" data-id=\"73b122a\" data-element_type=\"container\" data-e-type=\"container\">\n\t\t\t\t<div class=\"elementor-element elementor-element-568af7e elementor-widget elementor-widget-pdfjs-viewer\" data-id=\"568af7e\" data-element_type=\"widget\" data-e-type=\"widget\" data-widget_type=\"pdfjs-viewer.default\">\n\t\t\t\t<div class=\"elementor-widget-container\">\n\t\t\t\t\t<iframe width=\"\" height=\"600\" src=\"https:\/\/www.catalunyadrag.cat\/wp-content\/plugins\/pdfjs-viewer-for-elementor\/\/assets\/js\/pdfjs\/web\/viewer.html?file=https:\/\/www.catalunyadrag.cat\/wp-content\/uploads\/2025\/12\/Bases-Tarragona-2026.pdf\"><\/iframe>\t\t\t\t<\/div>\n\t\t\t\t<\/div>\n\t\t\t\t<\/div>\n\t\t\t\t<\/div>\n\t\t","protected":false},"excerpt":{"rendered":"<p>Per la present es regulen les normes generals d&#8217;inscripci\u00f3, participaci\u00f3 i actes del Certamen, el seu funcionament, les seves normes i els premis. El Certamen Tarragona Drag 2026 es desenvolupar\u00e0 en una \u00fanica gala en qu\u00e8 es presentaran les actuacions dels artistes participants davant un jurat professional i un jurat popular conformat per l&#8217;audi\u00e8ncia present&hellip;<\/p>\n","protected":false},"author":1,"featured_media":0,"parent":0,"menu_order":0,"comment_status":"closed","ping_status":"closed","template":"","meta":{"footnotes":""},"class_list":["post-6398","page","type-page","status-publish","hentry"],"_links":{"self":[{"href":"https:\/\/www.catalunyadrag.cat\/index.php\/wp-json\/wp\/v2\/pages\/6398","targetHints":{"allow":["GET"]}}],"collection":[{"href":"https:\/\/www.catalunyadrag.cat\/index.php\/wp-json\/wp\/v2\/pages"}],"about":[{"href":"https:\/\/www.catalunyadrag.cat\/index.php\/wp-json\/wp\/v2\/types\/page"}],"author":[{"embeddable":true,"href":"https:\/\/www.catalunyadrag.cat\/index.php\/wp-json\/wp\/v2\/users\/1"}],"replies":[{"embeddable":true,"href":"https:\/\/www.catalunyadrag.cat\/index.php\/wp-json\/wp\/v2\/comments?post=6398"}],"version-history":[{"count":88,"href":"https:\/\/www.catalunyadrag.cat\/index.php\/wp-json\/wp\/v2\/pages\/6398\/revisions"}],"predecessor-version":[{"id":8584,"href":"https:\/\/www.catalunyadrag.cat\/index.php\/wp-json\/wp\/v2\/pages\/6398\/revisions\/8584"}],"wp:attachment":[{"href":"https:\/\/www.catalunyadrag.cat\/index.php\/wp-json\/wp\/v2\/media?parent=6398"}],"curies":[{"name":"wp","href":"https:\/\/api.w.org\/{rel}","templated":true}]}}